{"id":2099,"date":"2024-02-17T18:50:53","date_gmt":"2024-02-17T18:50:53","guid":{"rendered":"https:\/\/www.photo-haratyk.pl\/?page_id=2099"},"modified":"2025-07-12T20:16:19","modified_gmt":"2025-07-12T20:16:19","slug":"fussen-i-obersdorf-26-28-10-2021","status":"publish","type":"page","link":"https:\/\/www.photo-haratyk.pl\/?page_id=2099","title":{"rendered":"Fussen i Obersdorf 26-28.10.2021"},"content":{"rendered":"\t\t<div data-elementor-type=\"wp-page\" data-elementor-id=\"2099\" class=\"elementor elementor-2099\">\n\t\t\t\t\t\t<section class=\"elementor-section elementor-top-section elementor-element elementor-element-0a2568c elementor-section-boxed elementor-section-height-default elementor-section-height-default\" data-id=\"0a2568c\" data-element_type=\"section\" data-settings=\"{&quot;background_background&quot;:&quot;classic&quot;}\">\n\t\t\t\t\t\t<div class=\"elementor-container elementor-column-gap-default\">\n\t\t\t\t\t<div class=\"elementor-column elementor-col-100 elementor-top-column elementor-element elementor-element-844e3f2\" data-id=\"844e3f2\" data-element_type=\"column\">\n\t\t\t<div class=\"elementor-widget-wrap elementor-element-populated\">\n\t\t\t\t\t\t<section class=\"elementor-section elementor-inner-section elementor-element elementor-element-42493cc elementor-section-boxed elementor-section-height-default elementor-section-height-default\" data-id=\"42493cc\" data-element_type=\"section\">\n\t\t\t\t\t\t<div class=\"elementor-container elementor-column-gap-default\">\n\t\t\t\t\t<div class=\"elementor-column elementor-col-50 elementor-inner-column elementor-element elementor-element-dcf957a\" data-id=\"dcf957a\" data-element_type=\"column\">\n\t\t\t<div class=\"elementor-widget-wrap elementor-element-populated\">\n\t\t\t\t\t\t<div class=\"elementor-element elementor-element-48d4414 elementor-widget elementor-widget-heading\" data-id=\"48d4414\" data-element_type=\"widget\" data-widget_type=\"heading.default\">\n\t\t\t\t<div class=\"elementor-widget-container\">\n\t\t\t\t\t<h2 class=\"elementor-heading-title elementor-size-default\">Fussen i Obersdorf<\/h2>\t\t\t\t<\/div>\n\t\t\t\t<\/div>\n\t\t\t\t<div class=\"elementor-element elementor-element-6110d52 elementor-widget elementor-widget-heading\" data-id=\"6110d52\" data-element_type=\"widget\" data-widget_type=\"heading.default\">\n\t\t\t\t<div class=\"elementor-widget-container\">\n\t\t\t\t\t<h2 class=\"elementor-heading-title elementor-size-default\">26-28.10.2021 \/ 47\u00b034\u2032N 10\u00b042\u2032E <\/h2>\t\t\t\t<\/div>\n\t\t\t\t<\/div>\n\t\t\t\t\t<\/div>\n\t\t<\/div>\n\t\t\t\t<div class=\"elementor-column elementor-col-50 elementor-inner-column elementor-element elementor-element-9014821\" data-id=\"9014821\" data-element_type=\"column\">\n\t\t\t<div class=\"elementor-widget-wrap elementor-element-populated\">\n\t\t\t\t\t\t<div class=\"elementor-element elementor-element-5e924ca elementor-widget elementor-widget-heading\" data-id=\"5e924ca\" data-element_type=\"widget\" data-widget_type=\"heading.default\">\n\t\t\t\t<div class=\"elementor-widget-container\">\n\t\t\t\t\t<h2 class=\"elementor-heading-title elementor-size-default\">F\u00fcssen \u2013 miasto w po\u0142udniowych Niemczech, w kraju zwi\u0105zkowym Bawaria, w rejencji Szwabia, w regionie Allg\u00e4u, w powiecie Ostallg\u00e4u. Le\u017cy w Allg\u00e4u, przy granicy z Austri\u0105. Neuschwanstein \u2013 zamek po\u0142o\u017cony na terenie gminy Schwangau (w dzielnicy Hohenschwangau), niedaleko F\u00fcssen <\/h2>\t\t\t\t<\/div>\n\t\t\t\t<\/div>\n\t\t\t\t\t<\/div>\n\t\t<\/div>\n\t\t\t\t\t<\/div>\n\t\t<\/section>\n\t\t\t\t<div class=\"elementor-element elementor-element-193077f elementor-widget elementor-widget-image-gallery\" data-id=\"193077f\" data-element_type=\"widget\" data-widget_type=\"image-gallery.default\">\n\t\t\t\t<div class=\"elementor-widget-container\">\n\t\t\t\t\t\t\t<div class=\"elementor-image-gallery\">\n\t\t\t<div id='gallery-1' class='gallery galleryid-2099 gallery-columns-1 gallery-size-full'><figure class='gallery-item'>\n\t\t\t<div class='gallery-icon landscape'>\n\t\t\t\t<a  href='https:\/\/www.photo-haratyk.pl\/wp-content\/uploads\/2025\/07\/20211027211027-2-scaled.jpg'><img fetchpriority=\"high\" decoding=\"async\" width=\"2560\" height=\"1922\" src=\"https:\/\/www.photo-haratyk.pl\/wp-content\/uploads\/2025\/07\/20211027211027-2-scaled.jpg\" class=\"attachment-full size-full\" alt=\"\" srcset=\"https:\/\/www.photo-haratyk.pl\/wp-content\/uploads\/2025\/07\/20211027211027-2-scaled.jpg 2560w, https:\/\/www.photo-haratyk.pl\/wp-content\/uploads\/2025\/07\/20211027211027-2-300x225.jpg 300w, https:\/\/www.photo-haratyk.pl\/wp-content\/uploads\/2025\/07\/20211027211027-2-1024x769.jpg 1024w, https:\/\/www.photo-haratyk.pl\/wp-content\/uploads\/2025\/07\/20211027211027-2-768x577.jpg 768w, https:\/\/www.photo-haratyk.pl\/wp-content\/uploads\/2025\/07\/20211027211027-2-1536x1153.jpg 1536w, https:\/\/www.photo-haratyk.pl\/wp-content\/uploads\/2025\/07\/20211027211027-2-2048x1538.jpg 2048w\" sizes=\"(max-width: 2560px) 100vw, 2560px\" \/><\/a>\n\t\t\t<\/div><\/figure><figure class='gallery-item'>\n\t\t\t<div class='gallery-icon landscape'>\n\t\t\t\t<a  href='https:\/\/www.photo-haratyk.pl\/wp-content\/uploads\/2025\/07\/20211027211027-4-scaled.jpg'><img decoding=\"async\" width=\"2560\" height=\"1923\" src=\"https:\/\/www.photo-haratyk.pl\/wp-content\/uploads\/2025\/07\/20211027211027-4-scaled.jpg\" class=\"attachment-full size-full\" alt=\"\" srcset=\"https:\/\/www.photo-haratyk.pl\/wp-content\/uploads\/2025\/07\/20211027211027-4-scaled.jpg 2560w, https:\/\/www.photo-haratyk.pl\/wp-content\/uploads\/2025\/07\/20211027211027-4-300x225.jpg 300w, https:\/\/www.photo-haratyk.pl\/wp-content\/uploads\/2025\/07\/20211027211027-4-1024x769.jpg 1024w, https:\/\/www.photo-haratyk.pl\/wp-content\/uploads\/2025\/07\/20211027211027-4-768x577.jpg 768w, https:\/\/www.photo-haratyk.pl\/wp-content\/uploads\/2025\/07\/20211027211027-4-1536x1154.jpg 1536w, https:\/\/www.photo-haratyk.pl\/wp-content\/uploads\/2025\/07\/20211027211027-4-2048x1538.jpg 2048w\" sizes=\"(max-width: 2560px) 100vw, 2560px\" \/><\/a>\n\t\t\t<\/div><\/figure><figure class='gallery-item'>\n\t\t\t<div class='gallery-icon landscape'>\n\t\t\t\t<a  href='https:\/\/www.photo-haratyk.pl\/wp-content\/uploads\/2025\/07\/20211027211027-5-scaled.jpg'><img decoding=\"async\" width=\"2560\" height=\"1440\" src=\"https:\/\/www.photo-haratyk.pl\/wp-content\/uploads\/2025\/07\/20211027211027-5-scaled.jpg\" class=\"attachment-full size-full\" alt=\"\" srcset=\"https:\/\/www.photo-haratyk.pl\/wp-content\/uploads\/2025\/07\/20211027211027-5-scaled.jpg 2560w, https:\/\/www.photo-haratyk.pl\/wp-content\/uploads\/2025\/07\/20211027211027-5-300x169.jpg 300w, https:\/\/www.photo-haratyk.pl\/wp-content\/uploads\/2025\/07\/20211027211027-5-1024x576.jpg 1024w, https:\/\/www.photo-haratyk.pl\/wp-content\/uploads\/2025\/07\/20211027211027-5-768x432.jpg 768w, https:\/\/www.photo-haratyk.pl\/wp-content\/uploads\/2025\/07\/20211027211027-5-1536x864.jpg 1536w, https:\/\/www.photo-haratyk.pl\/wp-content\/uploads\/2025\/07\/20211027211027-5-2048x1152.jpg 2048w\" sizes=\"(max-width: 2560px) 100vw, 2560px\" \/><\/a>\n\t\t\t<\/div><\/figure><figure class='gallery-item'>\n\t\t\t<div class='gallery-icon landscape'>\n\t\t\t\t<a  href='https:\/\/www.photo-haratyk.pl\/wp-content\/uploads\/2025\/07\/20211027211027-25-scaled.jpg'><img loading=\"lazy\" decoding=\"async\" width=\"2560\" height=\"1922\" src=\"https:\/\/www.photo-haratyk.pl\/wp-content\/uploads\/2025\/07\/20211027211027-25-scaled.jpg\" class=\"attachment-full size-full\" alt=\"\" srcset=\"https:\/\/www.photo-haratyk.pl\/wp-content\/uploads\/2025\/07\/20211027211027-25-scaled.jpg 2560w, https:\/\/www.photo-haratyk.pl\/wp-content\/uploads\/2025\/07\/20211027211027-25-300x225.jpg 300w, https:\/\/www.photo-haratyk.pl\/wp-content\/uploads\/2025\/07\/20211027211027-25-1024x769.jpg 1024w, https:\/\/www.photo-haratyk.pl\/wp-content\/uploads\/2025\/07\/20211027211027-25-768x577.jpg 768w, https:\/\/www.photo-haratyk.pl\/wp-content\/uploads\/2025\/07\/20211027211027-25-1536x1153.jpg 1536w, https:\/\/www.photo-haratyk.pl\/wp-content\/uploads\/2025\/07\/20211027211027-25-2048x1538.jpg 2048w\" sizes=\"(max-width: 2560px) 100vw, 2560px\" \/><\/a>\n\t\t\t<\/div><\/figure><figure class='gallery-item'>\n\t\t\t<div class='gallery-icon landscape'>\n\t\t\t\t<a  href='https:\/\/www.photo-haratyk.pl\/wp-content\/uploads\/2025\/07\/20211028211028-39-scaled.jpg'><img loading=\"lazy\" decoding=\"async\" width=\"2560\" height=\"2153\" src=\"https:\/\/www.photo-haratyk.pl\/wp-content\/uploads\/2025\/07\/20211028211028-39-scaled.jpg\" class=\"attachment-full size-full\" alt=\"\" srcset=\"https:\/\/www.photo-haratyk.pl\/wp-content\/uploads\/2025\/07\/20211028211028-39-scaled.jpg 2560w, https:\/\/www.photo-haratyk.pl\/wp-content\/uploads\/2025\/07\/20211028211028-39-300x252.jpg 300w, https:\/\/www.photo-haratyk.pl\/wp-content\/uploads\/2025\/07\/20211028211028-39-1024x861.jpg 1024w, https:\/\/www.photo-haratyk.pl\/wp-content\/uploads\/2025\/07\/20211028211028-39-768x646.jpg 768w, https:\/\/www.photo-haratyk.pl\/wp-content\/uploads\/2025\/07\/20211028211028-39-1536x1292.jpg 1536w, https:\/\/www.photo-haratyk.pl\/wp-content\/uploads\/2025\/07\/20211028211028-39-2048x1722.jpg 2048w\" sizes=\"(max-width: 2560px) 100vw, 2560px\" \/><\/a>\n\t\t\t<\/div><\/figure><figure class='gallery-item'>\n\t\t\t<div class='gallery-icon landscape'>\n\t\t\t\t<a  href='https:\/\/www.photo-haratyk.pl\/wp-content\/uploads\/2025\/07\/20211028211028-36-scaled.jpg'><img loading=\"lazy\" decoding=\"async\" width=\"2560\" height=\"1922\" src=\"https:\/\/www.photo-haratyk.pl\/wp-content\/uploads\/2025\/07\/20211028211028-36-scaled.jpg\" class=\"attachment-full size-full\" alt=\"\" srcset=\"https:\/\/www.photo-haratyk.pl\/wp-content\/uploads\/2025\/07\/20211028211028-36-scaled.jpg 2560w, https:\/\/www.photo-haratyk.pl\/wp-content\/uploads\/2025\/07\/20211028211028-36-300x225.jpg 300w, https:\/\/www.photo-haratyk.pl\/wp-content\/uploads\/2025\/07\/20211028211028-36-1024x769.jpg 1024w, https:\/\/www.photo-haratyk.pl\/wp-content\/uploads\/2025\/07\/20211028211028-36-768x577.jpg 768w, https:\/\/www.photo-haratyk.pl\/wp-content\/uploads\/2025\/07\/20211028211028-36-1536x1153.jpg 1536w, https:\/\/www.photo-haratyk.pl\/wp-content\/uploads\/2025\/07\/20211028211028-36-2048x1538.jpg 2048w\" sizes=\"(max-width: 2560px) 100vw, 2560px\" \/><\/a>\n\t\t\t<\/div><\/figure><figure class='gallery-item'>\n\t\t\t<div class='gallery-icon landscape'>\n\t\t\t\t<a  href='https:\/\/www.photo-haratyk.pl\/wp-content\/uploads\/2025\/07\/20211029211029-3-scaled.jpg'><img loading=\"lazy\" decoding=\"async\" width=\"2560\" height=\"1922\" src=\"https:\/\/www.photo-haratyk.pl\/wp-content\/uploads\/2025\/07\/20211029211029-3-scaled.jpg\" class=\"attachment-full size-full\" alt=\"\" srcset=\"https:\/\/www.photo-haratyk.pl\/wp-content\/uploads\/2025\/07\/20211029211029-3-scaled.jpg 2560w, https:\/\/www.photo-haratyk.pl\/wp-content\/uploads\/2025\/07\/20211029211029-3-300x225.jpg 300w, https:\/\/www.photo-haratyk.pl\/wp-content\/uploads\/2025\/07\/20211029211029-3-1024x769.jpg 1024w, https:\/\/www.photo-haratyk.pl\/wp-content\/uploads\/2025\/07\/20211029211029-3-768x577.jpg 768w, https:\/\/www.photo-haratyk.pl\/wp-content\/uploads\/2025\/07\/20211029211029-3-1536x1153.jpg 1536w, https:\/\/www.photo-haratyk.pl\/wp-content\/uploads\/2025\/07\/20211029211029-3-2048x1538.jpg 2048w\" sizes=\"(max-width: 2560px) 100vw, 2560px\" \/><\/a>\n\t\t\t<\/div><\/figure><figure class='gallery-item'>\n\t\t\t<div class='gallery-icon landscape'>\n\t\t\t\t<a  href='https:\/\/www.photo-haratyk.pl\/wp-content\/uploads\/2025\/07\/20211029211029-4-scaled.jpg'><img loading=\"lazy\" decoding=\"async\" width=\"2560\" height=\"1922\" src=\"https:\/\/www.photo-haratyk.pl\/wp-content\/uploads\/2025\/07\/20211029211029-4-scaled.jpg\" class=\"attachment-full size-full\" alt=\"\" srcset=\"https:\/\/www.photo-haratyk.pl\/wp-content\/uploads\/2025\/07\/20211029211029-4-scaled.jpg 2560w, https:\/\/www.photo-haratyk.pl\/wp-content\/uploads\/2025\/07\/20211029211029-4-300x225.jpg 300w, https:\/\/www.photo-haratyk.pl\/wp-content\/uploads\/2025\/07\/20211029211029-4-1024x769.jpg 1024w, https:\/\/www.photo-haratyk.pl\/wp-content\/uploads\/2025\/07\/20211029211029-4-768x577.jpg 768w, https:\/\/www.photo-haratyk.pl\/wp-content\/uploads\/2025\/07\/20211029211029-4-1536x1153.jpg 1536w, https:\/\/www.photo-haratyk.pl\/wp-content\/uploads\/2025\/07\/20211029211029-4-2048x1538.jpg 2048w\" sizes=\"(max-width: 2560px) 100vw, 2560px\" \/><\/a>\n\t\t\t<\/div><\/figure><figure class='gallery-item'>\n\t\t\t<div class='gallery-icon landscape'>\n\t\t\t\t<a  href='https:\/\/www.photo-haratyk.pl\/wp-content\/uploads\/2025\/07\/20211029211029-5-scaled.jpg'><img loading=\"lazy\" decoding=\"async\" width=\"2560\" height=\"580\" src=\"https:\/\/www.photo-haratyk.pl\/wp-content\/uploads\/2025\/07\/20211029211029-5-scaled.jpg\" class=\"attachment-full size-full\" alt=\"\" srcset=\"https:\/\/www.photo-haratyk.pl\/wp-content\/uploads\/2025\/07\/20211029211029-5-scaled.jpg 2560w, https:\/\/www.photo-haratyk.pl\/wp-content\/uploads\/2025\/07\/20211029211029-5-300x68.jpg 300w, https:\/\/www.photo-haratyk.pl\/wp-content\/uploads\/2025\/07\/20211029211029-5-1024x232.jpg 1024w, https:\/\/www.photo-haratyk.pl\/wp-content\/uploads\/2025\/07\/20211029211029-5-768x174.jpg 768w, https:\/\/www.photo-haratyk.pl\/wp-content\/uploads\/2025\/07\/20211029211029-5-1536x348.jpg 1536w, https:\/\/www.photo-haratyk.pl\/wp-content\/uploads\/2025\/07\/20211029211029-5-2048x464.jpg 2048w\" sizes=\"(max-width: 2560px) 100vw, 2560px\" \/><\/a>\n\t\t\t<\/div><\/figure><figure class='gallery-item'>\n\t\t\t<div class='gallery-icon landscape'>\n\t\t\t\t<a  href='https:\/\/www.photo-haratyk.pl\/wp-content\/uploads\/2025\/07\/20211029211029-6-scaled.jpg'><img loading=\"lazy\" decoding=\"async\" width=\"2560\" height=\"1922\" src=\"https:\/\/www.photo-haratyk.pl\/wp-content\/uploads\/2025\/07\/20211029211029-6-scaled.jpg\" class=\"attachment-full size-full\" alt=\"\" srcset=\"https:\/\/www.photo-haratyk.pl\/wp-content\/uploads\/2025\/07\/20211029211029-6-scaled.jpg 2560w, https:\/\/www.photo-haratyk.pl\/wp-content\/uploads\/2025\/07\/20211029211029-6-300x225.jpg 300w, https:\/\/www.photo-haratyk.pl\/wp-content\/uploads\/2025\/07\/20211029211029-6-1024x769.jpg 1024w, https:\/\/www.photo-haratyk.pl\/wp-content\/uploads\/2025\/07\/20211029211029-6-768x577.jpg 768w, https:\/\/www.photo-haratyk.pl\/wp-content\/uploads\/2025\/07\/20211029211029-6-1536x1153.jpg 1536w, https:\/\/www.photo-haratyk.pl\/wp-content\/uploads\/2025\/07\/20211029211029-6-2048x1538.jpg 2048w\" sizes=\"(max-width: 2560px) 100vw, 2560px\" \/><\/a>\n\t\t\t<\/div><\/figure><figure class='gallery-item'>\n\t\t\t<div class='gallery-icon landscape'>\n\t\t\t\t<a  href='https:\/\/www.photo-haratyk.pl\/wp-content\/uploads\/2025\/07\/2021102620211026-P1110389-1-scaled.jpg'><img loading=\"lazy\" decoding=\"async\" width=\"2560\" height=\"1922\" src=\"https:\/\/www.photo-haratyk.pl\/wp-content\/uploads\/2025\/07\/2021102620211026-P1110389-1-scaled.jpg\" class=\"attachment-full size-full\" alt=\"\" srcset=\"https:\/\/www.photo-haratyk.pl\/wp-content\/uploads\/2025\/07\/2021102620211026-P1110389-1-scaled.jpg 2560w, https:\/\/www.photo-haratyk.pl\/wp-content\/uploads\/2025\/07\/2021102620211026-P1110389-1-300x225.jpg 300w, https:\/\/www.photo-haratyk.pl\/wp-content\/uploads\/2025\/07\/2021102620211026-P1110389-1-1024x769.jpg 1024w, https:\/\/www.photo-haratyk.pl\/wp-content\/uploads\/2025\/07\/2021102620211026-P1110389-1-768x577.jpg 768w, https:\/\/www.photo-haratyk.pl\/wp-content\/uploads\/2025\/07\/2021102620211026-P1110389-1-1536x1153.jpg 1536w, https:\/\/www.photo-haratyk.pl\/wp-content\/uploads\/2025\/07\/2021102620211026-P1110389-1-2048x1538.jpg 2048w\" sizes=\"(max-width: 2560px) 100vw, 2560px\" \/><\/a>\n\t\t\t<\/div><\/figure><figure class='gallery-item'>\n\t\t\t<div class='gallery-icon landscape'>\n\t\t\t\t<a  href='https:\/\/www.photo-haratyk.pl\/wp-content\/uploads\/2025\/07\/2021102620211026-P1110387-1-scaled.jpg'><img loading=\"lazy\" decoding=\"async\" width=\"2560\" height=\"1922\" src=\"https:\/\/www.photo-haratyk.pl\/wp-content\/uploads\/2025\/07\/2021102620211026-P1110387-1-scaled.jpg\" class=\"attachment-full size-full\" alt=\"\" srcset=\"https:\/\/www.photo-haratyk.pl\/wp-content\/uploads\/2025\/07\/2021102620211026-P1110387-1-scaled.jpg 2560w, https:\/\/www.photo-haratyk.pl\/wp-content\/uploads\/2025\/07\/2021102620211026-P1110387-1-300x225.jpg 300w, https:\/\/www.photo-haratyk.pl\/wp-content\/uploads\/2025\/07\/2021102620211026-P1110387-1-1024x769.jpg 1024w, https:\/\/www.photo-haratyk.pl\/wp-content\/uploads\/2025\/07\/2021102620211026-P1110387-1-768x577.jpg 768w, https:\/\/www.photo-haratyk.pl\/wp-content\/uploads\/2025\/07\/2021102620211026-P1110387-1-1536x1153.jpg 1536w, https:\/\/www.photo-haratyk.pl\/wp-content\/uploads\/2025\/07\/2021102620211026-P1110387-1-2048x1538.jpg 2048w\" sizes=\"(max-width: 2560px) 100vw, 2560px\" \/><\/a>\n\t\t\t<\/div><\/figure><figure class='gallery-item'>\n\t\t\t<div class='gallery-icon landscape'>\n\t\t\t\t<a  href='https:\/\/www.photo-haratyk.pl\/wp-content\/uploads\/2025\/07\/2021102620211026-P1110377-1-scaled.jpg'><img loading=\"lazy\" decoding=\"async\" width=\"2560\" height=\"1922\" src=\"https:\/\/www.photo-haratyk.pl\/wp-content\/uploads\/2025\/07\/2021102620211026-P1110377-1-scaled.jpg\" class=\"attachment-full size-full\" alt=\"\" srcset=\"https:\/\/www.photo-haratyk.pl\/wp-content\/uploads\/2025\/07\/2021102620211026-P1110377-1-scaled.jpg 2560w, https:\/\/www.photo-haratyk.pl\/wp-content\/uploads\/2025\/07\/2021102620211026-P1110377-1-300x225.jpg 300w, https:\/\/www.photo-haratyk.pl\/wp-content\/uploads\/2025\/07\/2021102620211026-P1110377-1-1024x769.jpg 1024w, https:\/\/www.photo-haratyk.pl\/wp-content\/uploads\/2025\/07\/2021102620211026-P1110377-1-768x577.jpg 768w, https:\/\/www.photo-haratyk.pl\/wp-content\/uploads\/2025\/07\/2021102620211026-P1110377-1-1536x1153.jpg 1536w, https:\/\/www.photo-haratyk.pl\/wp-content\/uploads\/2025\/07\/2021102620211026-P1110377-1-2048x1538.jpg 2048w\" sizes=\"(max-width: 2560px) 100vw, 2560px\" \/><\/a>\n\t\t\t<\/div><\/figure><figure class='gallery-item'>\n\t\t\t<div class='gallery-icon landscape'>\n\t\t\t\t<a  href='https:\/\/www.photo-haratyk.pl\/wp-content\/uploads\/2025\/07\/2021102620211026-P1110352-1-scaled.jpg'><img loading=\"lazy\" decoding=\"async\" width=\"2560\" height=\"1922\" src=\"https:\/\/www.photo-haratyk.pl\/wp-content\/uploads\/2025\/07\/2021102620211026-P1110352-1-scaled.jpg\" class=\"attachment-full size-full\" alt=\"\" srcset=\"https:\/\/www.photo-haratyk.pl\/wp-content\/uploads\/2025\/07\/2021102620211026-P1110352-1-scaled.jpg 2560w, https:\/\/www.photo-haratyk.pl\/wp-content\/uploads\/2025\/07\/2021102620211026-P1110352-1-300x225.jpg 300w, https:\/\/www.photo-haratyk.pl\/wp-content\/uploads\/2025\/07\/2021102620211026-P1110352-1-1024x769.jpg 1024w, https:\/\/www.photo-haratyk.pl\/wp-content\/uploads\/2025\/07\/2021102620211026-P1110352-1-768x577.jpg 768w, https:\/\/www.photo-haratyk.pl\/wp-content\/uploads\/2025\/07\/2021102620211026-P1110352-1-1536x1153.jpg 1536w, https:\/\/www.photo-haratyk.pl\/wp-content\/uploads\/2025\/07\/2021102620211026-P1110352-1-2048x1538.jpg 2048w\" sizes=\"(max-width: 2560px) 100vw, 2560px\" \/><\/a>\n\t\t\t<\/div><\/figure><figure class='gallery-item'>\n\t\t\t<div class='gallery-icon landscape'>\n\t\t\t\t<a  href='https:\/\/www.photo-haratyk.pl\/wp-content\/uploads\/2025\/07\/2021102620211026-P1110324-1-scaled.jpg'><img loading=\"lazy\" decoding=\"async\" width=\"2560\" height=\"1922\" src=\"https:\/\/www.photo-haratyk.pl\/wp-content\/uploads\/2025\/07\/2021102620211026-P1110324-1-scaled.jpg\" class=\"attachment-full size-full\" alt=\"\" srcset=\"https:\/\/www.photo-haratyk.pl\/wp-content\/uploads\/2025\/07\/2021102620211026-P1110324-1-scaled.jpg 2560w, https:\/\/www.photo-haratyk.pl\/wp-content\/uploads\/2025\/07\/2021102620211026-P1110324-1-300x225.jpg 300w, https:\/\/www.photo-haratyk.pl\/wp-content\/uploads\/2025\/07\/2021102620211026-P1110324-1-1024x769.jpg 1024w, https:\/\/www.photo-haratyk.pl\/wp-content\/uploads\/2025\/07\/2021102620211026-P1110324-1-768x577.jpg 768w, https:\/\/www.photo-haratyk.pl\/wp-content\/uploads\/2025\/07\/2021102620211026-P1110324-1-1536x1153.jpg 1536w, https:\/\/www.photo-haratyk.pl\/wp-content\/uploads\/2025\/07\/2021102620211026-P1110324-1-2048x1538.jpg 2048w\" sizes=\"(max-width: 2560px) 100vw, 2560px\" \/><\/a>\n\t\t\t<\/div><\/figure><figure class='gallery-item'>\n\t\t\t<div class='gallery-icon landscape'>\n\t\t\t\t<a  href='https:\/\/www.photo-haratyk.pl\/wp-content\/uploads\/2025\/07\/2021102620211026-P1110323-1-scaled.jpg'><img loading=\"lazy\" decoding=\"async\" width=\"2560\" height=\"1922\" src=\"https:\/\/www.photo-haratyk.pl\/wp-content\/uploads\/2025\/07\/2021102620211026-P1110323-1-scaled.jpg\" class=\"attachment-full size-full\" alt=\"\" srcset=\"https:\/\/www.photo-haratyk.pl\/wp-content\/uploads\/2025\/07\/2021102620211026-P1110323-1-scaled.jpg 2560w, https:\/\/www.photo-haratyk.pl\/wp-content\/uploads\/2025\/07\/2021102620211026-P1110323-1-300x225.jpg 300w, https:\/\/www.photo-haratyk.pl\/wp-content\/uploads\/2025\/07\/2021102620211026-P1110323-1-1024x769.jpg 1024w, https:\/\/www.photo-haratyk.pl\/wp-content\/uploads\/2025\/07\/2021102620211026-P1110323-1-768x577.jpg 768w, https:\/\/www.photo-haratyk.pl\/wp-content\/uploads\/2025\/07\/2021102620211026-P1110323-1-1536x1153.jpg 1536w, https:\/\/www.photo-haratyk.pl\/wp-content\/uploads\/2025\/07\/2021102620211026-P1110323-1-2048x1538.jpg 2048w\" sizes=\"(max-width: 2560px) 100vw, 2560px\" \/><\/a>\n\t\t\t<\/div><\/figure>\n\t\t<\/div>\n\t\t<\/div>\n\t\t\t\t\t\t<\/div>\n\t\t\t\t<\/div>\n\t\t\t\t<div class=\"elementor-element elementor-element-1a20425 elementor-widget-divider--view-line elementor-widget elementor-widget-divider\" data-id=\"1a20425\" data-element_type=\"widget\" data-widget_type=\"divider.default\">\n\t\t\t\t<div class=\"elementor-widget-container\">\n\t\t\t\t\t\t\t<div class=\"elementor-divider\">\n\t\t\t<span class=\"elementor-divider-separator\">\n\t\t\t\t\t\t<\/span>\n\t\t<\/div>\n\t\t\t\t\t\t<\/div>\n\t\t\t\t<\/div>\n\t\t\t\t\t<\/div>\n\t\t<\/div>\n\t\t\t\t\t<\/div>\n\t\t<\/section>\n\t\t\t\t<\/div>\n\t\t","protected":false},"excerpt":{"rendered":"<p>Fussen i Obersdorf 26-28.10.2021 \/ 47\u00b034\u2032N 10\u00b042\u2032E F\u00fcssen \u2013 miasto w po\u0142udniowych Niemczech, w kraju zwi\u0105zkowym Bawaria, w rejencji Szwabia, w regionie Allg\u00e4u, w powiecie Ostallg\u00e4u. Le\u017cy w Allg\u00e4u, przy granicy z Austri\u0105. Neuschwanstein \u2013 zamek po\u0142o\u017cony na terenie gminy Schwangau (w dzielnicy Hohenschwangau), niedaleko F\u00fcssen<\/p>\n","protected":false},"author":1,"featured_media":0,"parent":0,"menu_order":0,"comment_status":"closed","ping_status":"closed","template":"","meta":{"ngg_post_thumbnail":0,"_kadence_starter_templates_imported_post":true,"_kad_post_transparent":"","_kad_post_title":"hide","_kad_post_layout":"fullwidth","_kad_post_sidebar_id":"","_kad_post_content_style":"unboxed","_kad_post_vertical_padding":"hide","_kad_post_feature":"hide","_kad_post_feature_position":"","_kad_post_header":false,"_kad_post_footer":false,"footnotes":""},"class_list":["post-2099","page","type-page","status-publish","hentry"],"aioseo_notices":[],"_links":{"self":[{"href":"https:\/\/www.photo-haratyk.pl\/index.php?rest_route=\/wp\/v2\/pages\/2099","targetHints":{"allow":["GET"]}}],"collection":[{"href":"https:\/\/www.photo-haratyk.pl\/index.php?rest_route=\/wp\/v2\/pages"}],"about":[{"href":"https:\/\/www.photo-haratyk.pl\/index.php?rest_route=\/wp\/v2\/types\/page"}],"author":[{"embeddable":true,"href":"https:\/\/www.photo-haratyk.pl\/index.php?rest_route=\/wp\/v2\/users\/1"}],"replies":[{"embeddable":true,"href":"https:\/\/www.photo-haratyk.pl\/index.php?rest_route=%2Fwp%2Fv2%2Fcomments&post=2099"}],"version-history":[{"count":7,"href":"https:\/\/www.photo-haratyk.pl\/index.php?rest_route=\/wp\/v2\/pages\/2099\/revisions"}],"predecessor-version":[{"id":2884,"href":"https:\/\/www.photo-haratyk.pl\/index.php?rest_route=\/wp\/v2\/pages\/2099\/revisions\/2884"}],"wp:attachment":[{"href":"https:\/\/www.photo-haratyk.pl\/index.php?rest_route=%2Fwp%2Fv2%2Fmedia&parent=2099"}],"curies":[{"name":"wp","href":"https:\/\/api.w.org\/{rel}","templated":true}]}}